{"id":47,"date":"2020-11-20T12:37:13","date_gmt":"2020-11-20T11:37:13","guid":{"rendered":"https:\/\/www.norbertnotthoff.de\/en\/?page_id=47"},"modified":"2020-11-20T14:29:34","modified_gmt":"2020-11-20T13:29:34","slug":"imprint","status":"publish","type":"page","link":"https:\/\/www.norbertnotthoff.de\/en\/imprint\/","title":{"rendered":"Imprint"},"content":{"rendered":"[mk_page_section bg_image=&#8221;https:\/\/norbertnotthoff.de\/wp-content\/uploads\/2020\/10\/norbert-notthoff-koeln-1.jpg&#8221; bg_color=&#8221;#000000&#8243; bg_position=&#8221;center top&#8221; bg_repeat=&#8221;no-repeat&#8221; bg_stretch=&#8221;true&#8221; enable_3d=&#8221;true&#8221; video_color_mask=&#8221;#000000&#8243; full_width=&#8221;true&#8221; full_height=&#8221;true&#8221; animation=&#8221;fade-in&#8221; sidebar=&#8221;sidebar-1&#8243;][vc_column width=&#8221;1\/6&#8243;][\/vc_column][vc_column width=&#8221;2\/3&#8243;][mk_padding_divider size=&#8221;25&#8243;][mk_fancy_title color=&#8221;#d8d8d8&#8243; size=&#8221;36&#8243; force_font_size=&#8221;true&#8221; size_smallscreen=&#8221;45&#8243; size_tablet=&#8221;45&#8243; size_phone=&#8221;30&#8243; font_family=&#8221;Open+Sans+Condensed&#8221; font_type=&#8221;google&#8221; align=&#8221;center&#8221; animation=&#8221;fade-in&#8221;]Imprint[\/mk_fancy_title][\/vc_column][vc_column width=&#8221;1\/6&#8243;][\/vc_column][\/mk_page_section][mk_page_section bg_color=&#8221;#000000&#8243; bg_position=&#8221;center top&#8221; bg_repeat=&#8221;no-repeat&#8221; bg_stretch=&#8221;true&#8221; enable_3d=&#8221;true&#8221; video_color_mask=&#8221;#000000&#8243; video_opacity=&#8221;0.8&#8243; full_width=&#8221;true&#8221; full_height=&#8221;true&#8221; sidebar=&#8221;sidebar-1&#8243;][vc_column width=&#8221;1\/4&#8243;][\/vc_column][vc_column width=&#8221;1\/2&#8243;][mk_padding_divider size=&#8221;100&#8243;][vc_column_text css=&#8221;.vc_custom_1605872408408{margin-bottom: 0px !important;}&#8221;]\n<h1>Site Notice<\/h1>\n<h2>Information pursuant to Sect. 5 German Telemedia Act (TMG)<\/h2>\n<p>Norbert Notthoff<br \/>\nNORBERT Notthoff<br \/>\n\u00e6sthetic dialogues<br \/>\nStammheimer Str. 61<br \/>\n50735 K\u00f6ln<\/p>\n<h2>Contact<\/h2>\n<p>Phone: +49 151 266 123 73<br \/>\nE-mail: info@norbertnotthoff.de<\/p>\n<h2>VAT ID<\/h2>\n<p>Sales tax identification number according to Sect. 27 a of the Sales Tax Law:<br \/>\nDE 316 777 042<\/p>\n<h2>Responsible for the content according to Sect. 55, paragraph 2 RStV<\/h2>\n<p>Norbert Notthoff<\/p>\n<h2>EU dispute resolution<\/h2>\n<p>The European Commission provides a platform for online dispute resolution (ODR): <a href=\"https:\/\/ec.europa.eu\/consumers\/odr\" target=\"_blank\" rel=\"noopener noreferrer\">https:\/\/ec.europa.eu\/consumers\/odr<\/a>.<br \/>\nOur e-mail address can be found above in the site notice.<\/p>\n<h2>Dispute resolution proceedings in front of a consumer arbitration board<\/h2>\n<p>We participate in a dispute settlement procedure before a consumer arbitration board. The competent consumer arbitration board is Zentrum f\u00fcr Schlichtung e.V., Stra\u00dfburger Stra\u00dfe 8, 77694 Kehl am Rhein (<a href=\"https:\/\/www.verbraucher-schlichter.de\" target=\"_blank\" rel=\"noopener noreferrer\">https:\/\/www.verbraucher-schlichter.de<\/a>).<\/p>\n<h3>Liability for Contents<\/h3>\n<p>As service providers, we are liable for own contents of these websites according to Paragraph 7, Sect. 1 German Telemedia Act (TMG). However, according to Paragraphs 8 to 10 German Telemedia Act (TMG), service providers are not obligated to permanently monitor submitted or stored information or to search for evidences that indicate illegal activities.<\/p>\n<p>Legal obligations to removing information or to blocking the use of information remain unchallenged. In this case, liability is only possible at the time of knowledge about a specific violation of law. Illegal contents will be removed immediately at the time we get knowledge of them.<\/p>\n<h3>Liability for Links<\/h3>\n<p>Our offer includes links to external third-party websites. We have no influence on the contents of those websites, therefore we cannot guarantee for those contents. Providers or administrators of linked websites are always responsible for their own contents.<\/p>\n<p>The linked websites had been checked for possible violations of law at the time of the establishment of the link. Illegal contents were not detected at the time of the linking. A permanent monitoring of the contents of linked websites cannot be imposed without reasonable indications that there has been a violation of law. Illegal links will be removed immediately at the time we get knowledge of them.<\/p>\n<h3>Copyright<\/h3>\n<p>Contents and compilations published on these websites by the providers are subject to German copyright laws. Reproduction, editing, distribution as well as the use of any kind outside the scope of the copyright law require a written permission of the author or originator. Downloads and copies of these websites are permitted for private use only.<br \/>\nThe commercial use of our contents without permission of the originator is prohibited.<\/p>\n<p>Copyright laws of third parties are respected as long as the contents on these websites do not originate from the provider. Contributions of third parties on this site are indicated as such. However, if you notice any violations of copyright law, please inform us. Such contents will be removed immediately.<\/p>\n<h3>Strategy, concept and realization<\/h3>\n<p>DIDIER Strategic communication<br \/>\n<a href=\"http:\/\/www.didier.eu\" target=\"_blank\" rel=\"noopener noreferrer\">www.didier.eu<\/a>[\/vc_column_text][mk_padding_divider size=&#8221;100&#8243;][\/vc_column][vc_column width=&#8221;1\/4&#8243;][\/vc_column][\/mk_page_section]\n","protected":false},"excerpt":{"rendered":"<p>[mk_page_section bg_image=&#8221;https:\/\/norbertnotthoff.de\/wp-content\/uploads\/2020\/10\/norbert-notthoff-koeln-1.jpg&#8221; bg_color=&#8221;#000000&#8243; bg_position=&#8221;center top&#8221; bg_repeat=&#8221;no-repeat&#8221; bg_stretch=&#8221;true&#8221; enable_3d=&#8221;true&#8221; video_color_mask=&#8221;#000000&#8243; full_width=&#8221;true&#8221; full_height=&#8221;true&#8221; animation=&#8221;fade-in&#8221; sidebar=&#8221;sidebar-1&#8243;][vc_column width=&#8221;1\/6&#8243;][\/vc_column][vc_column width=&#8221;2\/3&#8243;][mk_padding_divider size=&#8221;25&#8243;][mk_fancy_title color=&#8221;#d8d8d8&#8243; size=&#8221;36&#8243; force_font_size=&#8221;true&#8221; size_smallscreen=&#8221;45&#8243; size_tablet=&#8221;45&#8243; size_phone=&#8221;30&#8243; font_family=&#8221;Open+Sans+Condensed&#8221; font_type=&#8221;google&#8221; align=&#8221;center&#8221; animation=&#8221;fade-in&#8221;]Imprint[\/mk_fancy_title][\/vc_column][vc_column width=&#8221;1\/6&#8243;][\/vc_column][\/mk_page_section][mk_page_section bg_color=&#8221;#000000&#8243; bg_position=&#8221;center top&#8221; bg_repeat=&#8221;no-repeat&#8221; bg_stretch=&#8221;true&#8221; enable_3d=&#8221;true&#8221; video_color_mask=&#8221;#000000&#8243; video_opacity=&#8221;0.8&#8243; full_width=&#8221;true&#8221; full_height=&#8221;true&#8221; sidebar=&#8221;sidebar-1&#8243;][vc_column width=&#8221;1\/4&#8243;][\/vc_column][vc_column width=&#8221;1\/2&#8243;][mk_padding_divider size=&#8221;100&#8243;][vc_column_text css=&#8221;.vc_custom_1605872408408{margin-bottom: 0px !important;}&#8221;] Site Notice Information pursuant to Sect. 5 German Telemedia Act (TMG) [&hellip;]<\/p>\n","protected":false},"author":2,"featured_media":0,"parent":0,"menu_order":6,"comment_status":"closed","ping_status":"closed","template":"","meta":[],"yoast_head":"<!-- This site is optimized with the Yoast SEO plugin v15.2 - https:\/\/yoast.com\/wordpress\/plugins\/seo\/ -->\n<title>Imprint - Norbert Notthoff (EN)<\/title>\n<meta name=\"robots\" content=\"index, follow, max-snippet:-1, max-image-preview:large, max-video-preview:-1\" \/>\n<link rel=\"canonical\" href=\"https:\/\/www.norbertnotthoff.de\/en\/imprint\/\" \/>\n<meta property=\"og:locale\" content=\"en_US\" \/>\n<meta property=\"og:type\" content=\"article\" \/>\n<meta property=\"og:title\" content=\"Imprint - Norbert Notthoff (EN)\" \/>\n<meta property=\"og:description\" content=\"[mk_page_section bg_image=&#8221;https:\/\/norbertnotthoff.de\/wp-content\/uploads\/2020\/10\/norbert-notthoff-koeln-1.jpg&#8221; bg_color=&#8221;#000000&#8243; bg_position=&#8221;center top&#8221; bg_repeat=&#8221;no-repeat&#8221; bg_stretch=&#8221;true&#8221; enable_3d=&#8221;true&#8221; video_color_mask=&#8221;#000000&#8243; full_width=&#8221;true&#8221; full_height=&#8221;true&#8221; animation=&#8221;fade-in&#8221; sidebar=&#8221;sidebar-1&#8243;][vc_column width=&#8221;1\/6&#8243;][\/vc_column][vc_column width=&#8221;2\/3&#8243;][mk_padding_divider size=&#8221;25&#8243;][mk_fancy_title color=&#8221;#d8d8d8&#8243; size=&#8221;36&#8243; force_font_size=&#8221;true&#8221; size_smallscreen=&#8221;45&#8243; size_tablet=&#8221;45&#8243; size_phone=&#8221;30&#8243; font_family=&#8221;Open+Sans+Condensed&#8221; font_type=&#8221;google&#8221; align=&#8221;center&#8221; animation=&#8221;fade-in&#8221;]Imprint[\/mk_fancy_title][\/vc_column][vc_column width=&#8221;1\/6&#8243;][\/vc_column][\/mk_page_section][mk_page_section bg_color=&#8221;#000000&#8243; bg_position=&#8221;center top&#8221; bg_repeat=&#8221;no-repeat&#8221; bg_stretch=&#8221;true&#8221; enable_3d=&#8221;true&#8221; video_color_mask=&#8221;#000000&#8243; video_opacity=&#8221;0.8&#8243; full_width=&#8221;true&#8221; full_height=&#8221;true&#8221; sidebar=&#8221;sidebar-1&#8243;][vc_column width=&#8221;1\/4&#8243;][\/vc_column][vc_column width=&#8221;1\/2&#8243;][mk_padding_divider size=&#8221;100&#8243;][vc_column_text css=&#8221;.vc_custom_1605872408408{margin-bottom: 0px !important;}&#8221;] Site Notice Information pursuant to Sect. 5 German Telemedia Act (TMG) [&hellip;]\" \/>\n<meta property=\"og:url\" content=\"https:\/\/www.norbertnotthoff.de\/en\/imprint\/\" \/>\n<meta property=\"og:site_name\" content=\"Norbert Notthoff (EN)\" \/>\n<meta property=\"article:modified_time\" content=\"2020-11-20T13:29:34+00:00\" \/>\n<meta name=\"twitter:card\" content=\"summary_large_image\" \/>\n<meta name=\"twitter:label1\" value=\"Written by\">\n\t<meta name=\"twitter:data1\" value=\"Jan Didier\">\n\t<meta name=\"twitter:label2\" value=\"Est. reading time\">\n\t<meta name=\"twitter:data2\" value=\"3 minutes\">\n<script type=\"application\/ld+json\" class=\"yoast-schema-graph\">{\"@context\":\"https:\/\/schema.org\",\"@graph\":[{\"@type\":\"WebSite\",\"@id\":\"https:\/\/www.norbertnotthoff.de\/en\/#website\",\"url\":\"https:\/\/www.norbertnotthoff.de\/en\/\",\"name\":\"Norbert Notthoff (EN)\",\"description\":\"Eine weitere Norbert Notthoff Websites Website\",\"potentialAction\":[{\"@type\":\"SearchAction\",\"target\":\"https:\/\/www.norbertnotthoff.de\/en\/?s={search_term_string}\",\"query-input\":\"required name=search_term_string\"}],\"inLanguage\":\"en-US\"},{\"@type\":\"WebPage\",\"@id\":\"https:\/\/www.norbertnotthoff.de\/en\/imprint\/#webpage\",\"url\":\"https:\/\/www.norbertnotthoff.de\/en\/imprint\/\",\"name\":\"Imprint - Norbert Notthoff (EN)\",\"isPartOf\":{\"@id\":\"https:\/\/www.norbertnotthoff.de\/en\/#website\"},\"datePublished\":\"2020-11-20T11:37:13+00:00\",\"dateModified\":\"2020-11-20T13:29:34+00:00\",\"breadcrumb\":{\"@id\":\"https:\/\/www.norbertnotthoff.de\/en\/imprint\/#breadcrumb\"},\"inLanguage\":\"en-US\",\"potentialAction\":[{\"@type\":\"ReadAction\",\"target\":[\"https:\/\/www.norbertnotthoff.de\/en\/imprint\/\"]}]},{\"@type\":\"BreadcrumbList\",\"@id\":\"https:\/\/www.norbertnotthoff.de\/en\/imprint\/#breadcrumb\",\"itemListElement\":[{\"@type\":\"ListItem\",\"position\":1,\"item\":{\"@type\":\"WebPage\",\"@id\":\"https:\/\/www.norbertnotthoff.de\/en\/\",\"url\":\"https:\/\/www.norbertnotthoff.de\/en\/\",\"name\":\"Startseite\"}},{\"@type\":\"ListItem\",\"position\":2,\"item\":{\"@type\":\"WebPage\",\"@id\":\"https:\/\/www.norbertnotthoff.de\/en\/imprint\/\",\"url\":\"https:\/\/www.norbertnotthoff.de\/en\/imprint\/\",\"name\":\"Imprint\"}}]}]}<\/script>\n<!-- \/ Yoast SEO plugin. -->","_links":{"self":[{"href":"https:\/\/www.norbertnotthoff.de\/en\/wp-json\/wp\/v2\/pages\/47"}],"collection":[{"href":"https:\/\/www.norbertnotthoff.de\/en\/wp-json\/wp\/v2\/pages"}],"about":[{"href":"https:\/\/www.norbertnotthoff.de\/en\/wp-json\/wp\/v2\/types\/page"}],"author":[{"embeddable":true,"href":"https:\/\/www.norbertnotthoff.de\/en\/wp-json\/wp\/v2\/users\/2"}],"replies":[{"embeddable":true,"href":"https:\/\/www.norbertnotthoff.de\/en\/wp-json\/wp\/v2\/comments?post=47"}],"version-history":[{"count":3,"href":"https:\/\/www.norbertnotthoff.de\/en\/wp-json\/wp\/v2\/pages\/47\/revisions"}],"predecessor-version":[{"id":51,"href":"https:\/\/www.norbertnotthoff.de\/en\/wp-json\/wp\/v2\/pages\/47\/revisions\/51"}],"wp:attachment":[{"href":"https:\/\/www.norbertnotthoff.de\/en\/wp-json\/wp\/v2\/media?parent=47"}],"curies":[{"name":"wp","href":"https:\/\/api.w.org\/{rel}","templated":true}]}}